{"id":5206,"date":"2014-08-06T08:40:48","date_gmt":"2014-08-06T08:40:48","guid":{"rendered":"http:\/\/demo.wpzoom.com\/inspiro\/?page_id=5206"},"modified":"2025-01-13T23:00:00","modified_gmt":"2025-01-13T22:00:00","slug":"portfolio","status":"publish","type":"page","link":"https:\/\/arkheo-patrimoine.com\/index.php\/home\/portfolio\/","title":{"rendered":"R\u00e9alisations"},"content":{"rendered":"<p>[et_pb_section fb_built=&#8221;1&#8243; admin_label=&#8221;Projects&#8221; _builder_version=&#8221;4.20.0&#8243; _module_preset=&#8221;default&#8221; locked=&#8221;off&#8221; collapsed=&#8221;on&#8221; global_colors_info=&#8221;{}&#8221;][et_pb_row _builder_version=&#8221;4.20.0&#8243; _module_preset=&#8221;default&#8221; global_colors_info=&#8221;{}&#8221;][et_pb_column type=&#8221;4_4&#8243; _builder_version=&#8221;4.20.0&#8243; _module_preset=&#8221;default&#8221; global_colors_info=&#8221;{}&#8221;][et_pb_text _builder_version=&#8221;4.20.0&#8243; _module_preset=&#8221;15592a77-92a8-4d41-9836-27d0b728e712&#8243; global_colors_info=&#8221;{}&#8221;]<\/p>\n<h1>r\u00e9alisations<\/h1>\n<p>[\/et_pb_text][\/et_pb_column][\/et_pb_row][et_pb_row _builder_version=&#8221;4.27.4&#8243; _module_preset=&#8221;default&#8221; hover_enabled=&#8221;0&#8243; global_colors_info=&#8221;{}&#8221; column_structure=&#8221;1_2,1_2&#8243; sticky_enabled=&#8221;0&#8243; custom_margin=&#8221;|auto|-3px|auto||&#8221;][et_pb_column type=&#8221;1_2&#8243; _builder_version=&#8221;4.27.4&#8243; _module_preset=&#8221;default&#8221; global_colors_info=&#8221;{}&#8221;][et_pb_image src=&#8221;http:\/\/arkheo-patrimoine.com\/wp-content\/uploads\/2025\/01\/Aqueduc-1-scaled.jpg&#8221; title_text=&#8221;Aqueduc (1)&#8221; url=&#8221;https:\/\/arkheo-patrimoine.com\/salon360\/&#8221; url_new_window=&#8221;on&#8221; _builder_version=&#8221;4.27.4&#8243; _module_preset=&#8221;default&#8221; global_colors_info=&#8221;{}&#8221; width=&#8221;99.5%&#8221;][\/et_pb_image][\/et_pb_column][et_pb_column type=&#8221;1_2&#8243; _builder_version=&#8221;4.27.4&#8243; _module_preset=&#8221;default&#8221; global_colors_info=&#8221;{}&#8221;][et_pb_column type=&#8221;1_2&#8243; _builder_version=&#8221;4.27.4&#8243; _module_preset=&#8221;default&#8221; global_colors_info=&#8221;{}&#8221; locked=&#8221;off&#8221;][\/et_pb_column][et_pb_text _builder_version=&#8221;4.27.4&#8243; _module_preset=&#8221;default&#8221; hover_enabled=&#8221;0&#8243; sticky_enabled=&#8221;0&#8243; inline_fonts=&#8221;Playfair Display&#8221; text_font=&#8221;&#8211;et_global_heading_font||||||||&#8221; text_letter_spacing=&#8221;3px&#8221;]<\/p>\n<h1><span style=\"font-family: Playfair Display; font-weight: normal; font-size: x-large;\">LES PANORAMAS 360 AU SERVICE DE LA MEDIATION SCIENTIFIQUE<br \/><\/span><\/h1>\n<p>[\/et_pb_text][et_pb_text _builder_version=&#8221;4.27.4&#8243; _module_preset=&#8221;default&#8221; hover_enabled=&#8221;0&#8243; sticky_enabled=&#8221;0&#8243; inline_fonts=&#8221;Open Sans&#8221;]<\/p>\n<h3 style=\"text-align: justify;\"><span style=\"font-family: Open Sans; font-weight: normal; font-size: medium; color: #020202;\">Quatre sites (le pont aqueduc de la Rivi\u00e8re Auray du IIe si\u00e8cle apr. J.-C., la rue d&#8217;Auray au XVe si\u00e8cle, le sanctuaire de Sainte Anne d&#8217;Auray en 1860, le pont Pegasus de B\u00e9nouville) visualisables sous la forme de panoramas \u00e0 360\u00b0 et d\u00e9velopp\u00e9s par Arkheo et MHT.<br \/><\/span><\/h3>\n<p>[\/et_pb_text][\/et_pb_column][\/et_pb_row][et_pb_row column_structure=&#8221;1_2,1_2&#8243; _builder_version=&#8221;4.20.0&#8243; _module_preset=&#8221;default&#8221; global_colors_info=&#8221;{}&#8221;][et_pb_column type=&#8221;1_2&#8243; _builder_version=&#8221;4.20.0&#8243; _module_preset=&#8221;default&#8221; custom_padding_tablet=&#8221;||30px||false|false&#8221; custom_padding_phone=&#8221;||30px||false|false&#8221; custom_padding_last_edited=&#8221;on|tablet&#8221; global_colors_info=&#8221;{}&#8221;][et_pb_text _builder_version=&#8221;4.27.4&#8243; _module_preset=&#8221;1968c466-d652-4139-8701-885e5eb41e78&#8243; custom_margin=&#8221;||10px||false|false&#8221; global_colors_info=&#8221;{}&#8221;]<\/p>\n<h4 style=\"text-align: justify;\"><span style=\"font-size: x-large;\">A la recherche des st\u00e8les submerg\u00e9es du morbihan du Ve mill\u00e9naire avant notre \u00e8re<br \/><\/span><\/h4>\n<p>[\/et_pb_text][et_pb_text _builder_version=&#8221;4.27.4&#8243; _module_preset=&#8221;7a640ec8-d870-4d5e-b25e-c75a12335b9f&#8221; hover_enabled=&#8221;0&#8243; global_colors_info=&#8221;{}&#8221; sticky_enabled=&#8221;0&#8243;]<\/p>\n<p style=\"text-align: justify;\"><span class=\"break-words           tvm-parent-container\"><span dir=\"ltr\"><span style=\"color: #292929;\">Une exploration sous-marine in\u00e9dite en cours de r\u00e9alisation, et relative \u00e0 pr\u00e8s de 40 sites d&#8217;<a class=\"jCfTHtsPmIgRjtBDjLhWBFZYFwBhY \" href=\"https:\/\/www.linkedin.com\/feed\/hashtag\/?keywords=architecture&amp;highlightedUpdateUrns=urn%3Ali%3Aactivity%3A7250105338601832450\" data-test-app-aware-link=\"\" style=\"color: #292929;\">architecture<\/a><span class=\"white-space-pre\"> <\/span>de st\u00e8les (commun\u00e9ment appel\u00e9s menhirs) r\u00e9partis d&#8217;Est en Ouest sur 18 communes du<span class=\"white-space-pre\"> <\/span><\/span><a class=\"jCfTHtsPmIgRjtBDjLhWBFZYFwBhY \" target=\"_self\" href=\"https:\/\/www.linkedin.com\/company\/departement-du-morbihan\/\" data-test-app-aware-link=\"\"><span><span style=\"color: #292929;\">D\u00e9partement du Morbihan. Une collaboration exceptionnelle d&#8217;une \u00e9quipe associant des arch\u00e9ologues sous la direction de Christian Obeltz, des g\u00e9ologues de l&#8217;Universit\u00e9 de Bretagne Sud dont le professeur David Menier et un \u00e9diteur de Carnac : Les Vaisseaux de Pierres (Cyrille Chaigneau). <\/span><\/span><\/a><span class=\"white-space-pre\"><\/span><\/span><\/span><\/p>\n<p>[\/et_pb_text][et_pb_image src=&#8221;http:\/\/arkheo-patrimoine.com\/wp-content\/uploads\/2025\/01\/er_lannic_2-7-scaled.jpg&#8221; title_text=&#8221;er_lannic_2 (7)&#8221; show_in_lightbox=&#8221;on&#8221; use_overlay=&#8221;on&#8221; overlay_icon_color=&#8221;#000000&#8243; hover_overlay_color=&#8221;RGBA(255,255,255,0)&#8221; hover_icon=&#8221;&#xf00e;||fa||900&#8243; _builder_version=&#8221;4.27.4&#8243; _module_preset=&#8221;default&#8221; background_color=&#8221;rgba(0,0,0,0.04)&#8221; custom_margin=&#8221;||||false|false&#8221; box_shadow_style=&#8221;preset4&#8243; box_shadow_horizontal=&#8221;0px&#8221; box_shadow_vertical=&#8221;0px&#8221; box_shadow_color=&#8221;rgba(0,0,0,0.05)&#8221; global_colors_info=&#8221;{}&#8221; custom_padding__hover_enabled=&#8221;off|hover&#8221; custom_padding__hover=&#8221;50px|50px|50px|50px|true|true&#8221; box_shadow_vertical__hover_enabled=&#8221;off|hover&#8221; box_shadow_blur__hover_enabled=&#8221;off|hover&#8221; box_shadow_blur__hover=&#8221;0px&#8221; box_shadow_color__hover_enabled=&#8221;off|hover&#8221; box_shadow_color__hover=&#8221;rgba(0,0,0,0.3)&#8221; custom_margin__hover_enabled=&#8221;off|hover&#8221; custom_margin__hover=&#8221;||62px||false|false&#8221; transform_styles__hover_enabled=&#8221;on|hover&#8221; transform_scale__hover_enabled=&#8221;on|hover&#8221; transform_translate__hover_enabled=&#8221;on|desktop&#8221; transform_rotate__hover_enabled=&#8221;on|desktop&#8221; transform_skew__hover_enabled=&#8221;on|desktop&#8221; transform_origin__hover_enabled=&#8221;on|desktop&#8221; transform_scale__hover=&#8221;90%|90%&#8221; box_shadow_spread__hover_enabled=&#8221;on|hover&#8221; box_shadow_spread__hover=&#8221;30px&#8221;][\/et_pb_image][\/et_pb_column][et_pb_column type=&#8221;1_2&#8243; _builder_version=&#8221;4.20.0&#8243; _module_preset=&#8221;default&#8221; global_colors_info=&#8221;{}&#8221;][et_pb_image src=&#8221;http:\/\/arkheo-patrimoine.com\/wp-content\/uploads\/2025\/01\/Aqueduc-8.jpg&#8221; alt=&#8221;Le pont aqueduc de la Rivi\u00e8re d&#8217;Auray restitu\u00e9 en 3D Arkheo \u00a9&#8221; title_text=&#8221;Aqueduc (8)&#8221; show_in_lightbox=&#8221;on&#8221; use_overlay=&#8221;on&#8221; overlay_icon_color=&#8221;#000000&#8243; hover_overlay_color=&#8221;RGBA(255,255,255,0)&#8221; hover_icon=&#8221;&#xf00e;||fa||900&#8243; _builder_version=&#8221;4.27.4&#8243; _module_preset=&#8221;default&#8221; background_color=&#8221;rgba(0,0,0,0.04)&#8221; box_shadow_style=&#8221;preset4&#8243; box_shadow_horizontal=&#8221;0px&#8221; box_shadow_vertical=&#8221;0px&#8221; box_shadow_color=&#8221;rgba(0,0,0,0.05)&#8221; global_colors_info=&#8221;{}&#8221; transform_styles__hover_enabled=&#8221;on|hover&#8221; transform_scale__hover=&#8221;90%|90%&#8221; transform_scale__hover_enabled=&#8221;on|hover&#8221; transform_translate__hover_enabled=&#8221;on|desktop&#8221; transform_rotate__hover_enabled=&#8221;on|desktop&#8221; transform_skew__hover_enabled=&#8221;on|desktop&#8221; transform_origin__hover_enabled=&#8221;on|desktop&#8221; box_shadow_spread__hover=&#8221;30px&#8221; box_shadow_spread__hover_enabled=&#8221;on|desktop&#8221;][\/et_pb_image][et_pb_text _builder_version=&#8221;4.20.0&#8243; _module_preset=&#8221;1968c466-d652-4139-8701-885e5eb41e78&#8243; custom_margin=&#8221;||10px||false|false&#8221; global_colors_info=&#8221;{}&#8221;]<\/p>\n<h4 style=\"text-align: justify;\"><span style=\"font-size: x-large;\">La reconstruction du <\/span><span style=\"font-size: x-large;\">pont aqueduc de la rivi\u00e8re d&#8217;Auray (Morbihan) du IIe si\u00e8cle de notre \u00e8re<\/span><\/h4>\n<p>[\/et_pb_text][et_pb_text _builder_version=&#8221;4.20.0&#8243; _module_preset=&#8221;7a640ec8-d870-4d5e-b25e-c75a12335b9f&#8221; global_colors_info=&#8221;{}&#8221;]<\/p>\n<p>La restitution de l&#8217;une des plus imposantes constructions romaines entreprises sur le territoire v\u00e9n\u00e8te : le pont aqueduc romain de la \u00ab rivi\u00e8re \u00bb d&#8217;Auray. Il reste aujourd&#8217;hui une \u00e9nigme, car il n&#8217;est connu que par le pont qui lui faisait franchir le Loch, ou \u00ab rivi\u00e8re \u00bb d&#8217;Auray. Cette reconstitution exceptionnelle a \u00e9t\u00e9 permise gr\u00e2ce \u00e0 l&#8217;arch\u00e9ologue Patrick Andr\u00e9, premier directeur des fouilles de ce site arch\u00e9ologique majeur. Le travail infographique a impliqu\u00e9 la participation de Fr\u00e9d\u00e9ric Soubaign\u00e9, Samuel Dauvier. Elle int\u00e8gre un outil scolaire interactif cr\u00e9\u00e9 par Arkheo, d\u00e9velopp\u00e9 par Benoit Auclair, puis d\u00e9velopp\u00e9 par la SAS MHT.<\/p>\n<p>[\/et_pb_text][\/et_pb_column][\/et_pb_row][et_pb_row column_structure=&#8221;1_2,1_2&#8243; _builder_version=&#8221;4.20.0&#8243; _module_preset=&#8221;default&#8221; global_colors_info=&#8221;{}&#8221;][et_pb_column type=&#8221;1_2&#8243; _builder_version=&#8221;4.20.0&#8243; _module_preset=&#8221;default&#8221; custom_padding_tablet=&#8221;||30px||false|false&#8221; custom_padding_phone=&#8221;||30px||false|false&#8221; custom_padding_last_edited=&#8221;on|tablet&#8221; global_colors_info=&#8221;{}&#8221;][et_pb_image src=&#8221;http:\/\/arkheo-patrimoine.com\/wp-content\/uploads\/2025\/01\/Chateau-5.jpg&#8221; alt=&#8221;Restitution de la forteresse, mod\u00e8le num\u00e9rique de terrain &#8221; title_text=&#8221;Chateau (5)&#8221; show_in_lightbox=&#8221;on&#8221; use_overlay=&#8221;on&#8221; overlay_icon_color=&#8221;#000000&#8243; hover_overlay_color=&#8221;RGBA(255,255,255,0)&#8221; hover_icon=&#8221;&#xf00e;||fa||900&#8243; _builder_version=&#8221;4.27.4&#8243; _module_preset=&#8221;default&#8221; background_color=&#8221;rgba(0,0,0,0.04)&#8221; box_shadow_style=&#8221;preset4&#8243; box_shadow_horizontal=&#8221;0px&#8221; box_shadow_vertical=&#8221;0px&#8221; box_shadow_color=&#8221;rgba(0,0,0,0.05)&#8221; global_colors_info=&#8221;{}&#8221; transform_styles__hover_enabled=&#8221;on|hover&#8221; transform_scale__hover=&#8221;90%|90%&#8221; transform_scale__hover_enabled=&#8221;on|hover&#8221; transform_translate__hover_enabled=&#8221;on|desktop&#8221; transform_rotate__hover_enabled=&#8221;on|desktop&#8221; transform_skew__hover_enabled=&#8221;on|desktop&#8221; transform_origin__hover_enabled=&#8221;on|desktop&#8221; box_shadow_spread__hover=&#8221;30px&#8221; box_shadow_spread__hover_enabled=&#8221;on|hover&#8221;][\/et_pb_image][et_pb_text _builder_version=&#8221;4.20.0&#8243; _module_preset=&#8221;1968c466-d652-4139-8701-885e5eb41e78&#8243; custom_margin=&#8221;||10px||false|false&#8221; global_colors_info=&#8221;{}&#8221;]<\/p>\n<h4><span style=\"font-size: x-large;\">La reconstruction du ch\u00e2teau ducal d&#8217;Auray (Morbihan) au XVe si\u00e8cle<\/span><\/h4>\n<p>[\/et_pb_text][et_pb_text _builder_version=&#8221;4.20.0&#8243; _module_preset=&#8221;7a640ec8-d870-4d5e-b25e-c75a12335b9f&#8221; global_colors_info=&#8221;{}&#8221;]<\/p>\n<p>La reconstruction num\u00e9rique de la fa\u00e7ade occidentale de la forteresse du duc de Bretagne \u00e0 Auray, en fond de ria, dans son \u00e9tat au 15e si\u00e8cle (suite \u00e0 Guerre de succession du 14e si\u00e8cle). L&#8217;historien Pierre Robino et l&#8217;architecte patrimoine L\u00e9o Goas sont les maitres d\u2019\u0153uvre du mod\u00e8le num\u00e9rique de terrain avec \u00e0 la r\u00e9alisation infographique : Myl\u00e8ne Bussy et Thibault Jouan.<\/p>\n<p>[\/et_pb_text][\/et_pb_column][et_pb_column type=&#8221;1_2&#8243; _builder_version=&#8221;4.20.0&#8243; _module_preset=&#8221;default&#8221; global_colors_info=&#8221;{}&#8221;][et_pb_image src=&#8221;http:\/\/arkheo-patrimoine.com\/wp-content\/uploads\/2025\/01\/Saint_Goustan-9.jpg&#8221; alt=&#8221;La rue saint ren\u00e9 d&#8217;Auray quartier de Saint Goustan&#8221; title_text=&#8221;Saint_Goustan (9)&#8221; show_in_lightbox=&#8221;on&#8221; use_overlay=&#8221;on&#8221; overlay_icon_color=&#8221;#000000&#8243; hover_overlay_color=&#8221;RGBA(255,255,255,0)&#8221; hover_icon=&#8221;&#xf00e;||fa||900&#8243; _builder_version=&#8221;4.27.4&#8243; _module_preset=&#8221;default&#8221; background_color=&#8221;rgba(0,0,0,0.04)&#8221; box_shadow_style=&#8221;preset4&#8243; box_shadow_horizontal=&#8221;0px&#8221; box_shadow_vertical=&#8221;0px&#8221; box_shadow_color=&#8221;rgba(0,0,0,0.05)&#8221; global_colors_info=&#8221;{}&#8221; transform_styles__hover_enabled=&#8221;on|hover&#8221; transform_scale__hover=&#8221;90%|90%&#8221; transform_scale__hover_enabled=&#8221;on|hover&#8221; transform_translate__hover_enabled=&#8221;on|desktop&#8221; transform_rotate__hover_enabled=&#8221;on|desktop&#8221; transform_skew__hover_enabled=&#8221;on|desktop&#8221; transform_origin__hover_enabled=&#8221;on|desktop&#8221; box_shadow_spread__hover=&#8221;30px&#8221; box_shadow_spread__hover_enabled=&#8221;on|hover&#8221;][\/et_pb_image][et_pb_text _builder_version=&#8221;4.20.0&#8243; _module_preset=&#8221;1968c466-d652-4139-8701-885e5eb41e78&#8243; custom_margin=&#8221;||10px||false|false&#8221; global_colors_info=&#8221;{}&#8221;]<\/p>\n<h4 style=\"text-align: justify;\"><span style=\"font-size: x-large;\">La restitution de la rue saint ren\u00e9 (Auray, morbihan) au XVe si\u00e8cle<\/span><\/h4>\n<p>[\/et_pb_text][et_pb_text _builder_version=&#8221;4.27.4&#8243; _module_preset=&#8221;7a640ec8-d870-4d5e-b25e-c75a12335b9f&#8221; hover_enabled=&#8221;0&#8243; global_colors_info=&#8221;{}&#8221; sticky_enabled=&#8221;0&#8243;]<\/p>\n<p style=\"text-align: justify;\">La restitution d&#8217;une ambiance portuaire dans la Bretagne Sud du XVe si\u00e8cle : la rue Saint-Ren\u00e9 de la ville d&#8217;Auray situ\u00e9e en fond d&#8217;estuaire (rivi\u00e8re d&#8217;Auray). Cette sc\u00e8ne \u00e0 360\u00b0 associe ici reconstruction et \u00e9vocation, avec la collaboration in\u00e9dite de la Maisnie de Kistreberh pour la figuration. Le travail de restitution a \u00e9t\u00e9 r\u00e9alis\u00e9 avec la collaboration de scientifiques : les arch\u00e9ologues Patrick Andr\u00e9, Christophe Le Pennec et l&#8217;historien Pierre Robino. Le travail rigoureux infographique a impliqu\u00e9 trois infographistes : Pierre Lambert, Benjamin Dufeu, et Thibault Jouan. La simulation int\u00e8gre un outil scolaire interactif (panorama 360 avec audio guide) cr\u00e9\u00e9 par Arkheo avec l&#8217;aide de Benoit Auclair, puis d\u00e9velopp\u00e9 par la SAS MHT.<\/p>\n<p>[\/et_pb_text][\/et_pb_column][\/et_pb_row][et_pb_row column_structure=&#8221;1_2,1_2&#8243; _builder_version=&#8221;4.27.4&#8243; _module_preset=&#8221;default&#8221; global_colors_info=&#8221;{}&#8221;][et_pb_column type=&#8221;1_2&#8243; _builder_version=&#8221;4.20.0&#8243; _module_preset=&#8221;default&#8221; custom_padding_tablet=&#8221;||30px||false|false&#8221; custom_padding_phone=&#8221;||30px||false|false&#8221; custom_padding_last_edited=&#8221;on|tablet&#8221; global_colors_info=&#8221;{}&#8221;][et_pb_image src=&#8221;http:\/\/arkheo-patrimoine.com\/wp-content\/uploads\/2025\/01\/Sainte_Anne-5.jpg&#8221; title_text=&#8221;Sainte_Anne (5)&#8221; show_in_lightbox=&#8221;on&#8221; use_overlay=&#8221;on&#8221; overlay_icon_color=&#8221;#000000&#8243; hover_overlay_color=&#8221;RGBA(255,255,255,0)&#8221; hover_icon=&#8221;&#xf00e;||fa||900&#8243; _builder_version=&#8221;4.27.4&#8243; _module_preset=&#8221;default&#8221; background_color=&#8221;rgba(0,0,0,0.04)&#8221; box_shadow_style=&#8221;preset4&#8243; box_shadow_horizontal=&#8221;0px&#8221; box_shadow_vertical=&#8221;0px&#8221; box_shadow_color=&#8221;rgba(0,0,0,0.05)&#8221; global_colors_info=&#8221;{}&#8221; transform_styles__hover_enabled=&#8221;on|hover&#8221; transform_scale__hover=&#8221;90%|90%&#8221; transform_scale__hover_enabled=&#8221;on|hover&#8221; transform_translate__hover_enabled=&#8221;on|desktop&#8221; transform_rotate__hover_enabled=&#8221;on|desktop&#8221; transform_skew__hover_enabled=&#8221;on|desktop&#8221; transform_origin__hover_enabled=&#8221;on|desktop&#8221; box_shadow_spread__hover=&#8221;30px&#8221; box_shadow_spread__hover_enabled=&#8221;on|hover&#8221;][\/et_pb_image][et_pb_text _builder_version=&#8221;4.27.4&#8243; _module_preset=&#8221;1968c466-d652-4139-8701-885e5eb41e78&#8243; custom_margin=&#8221;||10px||false|false&#8221; global_colors_info=&#8221;{}&#8221;]<\/p>\n<h4>keranna en Pluneret (Morbihan), 1860<\/h4>\n<p>[\/et_pb_text][et_pb_text _builder_version=&#8221;4.20.0&#8243; _module_preset=&#8221;7a640ec8-d870-4d5e-b25e-c75a12335b9f&#8221; global_colors_info=&#8221;{}&#8221;]<\/p>\n<p style=\"text-align: justify;\">La reconstruction num\u00e9rique et in\u00e9dite de l\u2019ancien sanctuaire de Sainte-Anne d\u2019Auray (XVIe-XIXe si\u00e8cle) offre l\u2019image d\u2019une architecture aujourd\u2019hui tr\u00e8s partiellement visible. Une restitution impliquant la collaboration avec l\u2019ADMAS, la ville de Sainte-Anne d\u2019Auray et pour les costumes d\u2019\u00e9poque , deux associations remarquables : Crinolines &amp; Cie et Kevrenn Alre.\u00a0<\/p>\n<p>[\/et_pb_text][\/et_pb_column][et_pb_column type=&#8221;1_2&#8243; _builder_version=&#8221;4.20.0&#8243; _module_preset=&#8221;default&#8221; global_colors_info=&#8221;{}&#8221;][et_pb_video src=&#8221;https:\/\/youtu.be\/IhTzW_3Ebv4&#8243; _builder_version=&#8221;4.27.4&#8243; _module_preset=&#8221;default&#8221; global_colors_info=&#8221;{}&#8221;][\/et_pb_video][et_pb_text _builder_version=&#8221;4.20.0&#8243; _module_preset=&#8221;1968c466-d652-4139-8701-885e5eb41e78&#8243; custom_margin=&#8221;||10px||false|false&#8221; custom_padding=&#8221;2px|||||&#8221; global_colors_info=&#8221;{}&#8221;]<\/p>\n<h4>La visualisation video du <span style=\"font-size: x-large;\">pont aqueduc de la rivi\u00e8re d&#8217;Auray (Morbihan) <br \/><\/span><\/h4>\n<p>[\/et_pb_text][et_pb_text _builder_version=&#8221;4.20.0&#8243; _module_preset=&#8221;7a640ec8-d870-4d5e-b25e-c75a12335b9f&#8221; global_colors_info=&#8221;{}&#8221;]<\/p>\n<p>Un s\u00e9rie d&#8217;animations figurant le pont aqueduc du IIe si\u00e8cle apr\u00e8s J.-C. ins\u00e9r\u00e9 dans le paysage actuel \u00e0 partir de la reconstruction r\u00e9alis\u00e9e gr\u00e2ce \u00e0 l&#8217;arch\u00e9ologue Patrick Andr\u00e9.<\/p>\n<p>[\/et_pb_text][\/et_pb_column][\/et_pb_row][\/et_pb_section]<\/p>\n","protected":false},"excerpt":{"rendered":"<p>r\u00e9alisationsLES PANORAMAS 360 AU SERVICE DE LA MEDIATION SCIENTIFIQUEQuatre sites (le pont aqueduc de la Rivi\u00e8re Auray du IIe si\u00e8cle apr. J.-C., la rue d&#8217;Auray au XVe si\u00e8cle, le sanctuaire de Sainte Anne d&#8217;Auray en 1860, le pont Pegasus de B\u00e9nouville) visualisables sous la forme de panoramas \u00e0 360\u00b0 et d\u00e9velopp\u00e9s par Arkheo et MHT.A [&hellip;]<\/p>\n","protected":false},"author":1,"featured_media":24,"parent":6959,"menu_order":1,"comment_status":"open","ping_status":"closed","template":"","meta":{"_bbp_topic_count":0,"_bbp_reply_count":0,"_bbp_total_topic_count":0,"_bbp_total_reply_count":0,"_bbp_voice_count":0,"_bbp_anonymous_reply_count":0,"_bbp_topic_count_hidden":0,"_bbp_reply_count_hidden":0,"_bbp_forum_subforum_count":0,"_et_pb_use_builder":"on","_et_pb_old_content":"<!-- wp:paragraph {\"align\":\"center\"} -->\n<p class=\"has-text-align-center\"><em>Below you can see a portfolio section created quickly using the free <a href=\"https:\/\/wordpress.org\/plugins\/wpzoom-portfolio\/\">WPZOOM Portfolio<\/a> plugin<\/em><\/p>\n<!-- \/wp:paragraph -->\n\n<!-- wp:wpzoom-blocks\/portfolio {\"align\":\"full\",\"amount\":9} \/-->","_et_gb_content_width":"","_monsterinsights_skip_tracking":false,"_monsterinsights_sitenote_active":false,"_monsterinsights_sitenote_note":"","_monsterinsights_sitenote_category":0,"footnotes":""},"class_list":["post-5206","page","type-page","status-publish","has-post-thumbnail","hentry"],"aioseo_notices":[],"jetpack_sharing_enabled":true,"featured_media_urls":{"thumbnail":["https:\/\/arkheo-patrimoine.com\/wp-content\/uploads\/2024\/05\/Chateau_Auray_MHT_KAIROS-150x150.jpg",150,150,true],"medium":["https:\/\/arkheo-patrimoine.com\/wp-content\/uploads\/2024\/05\/Chateau_Auray_MHT_KAIROS-300x164.jpg",300,164,true],"medium_large":["https:\/\/arkheo-patrimoine.com\/wp-content\/uploads\/2024\/05\/Chateau_Auray_MHT_KAIROS-768x420.jpg",768,420,true],"large":["https:\/\/arkheo-patrimoine.com\/wp-content\/uploads\/2024\/05\/Chateau_Auray_MHT_KAIROS-1024x560.jpg",1024,560,true],"1536x1536":["https:\/\/arkheo-patrimoine.com\/wp-content\/uploads\/2024\/05\/Chateau_Auray_MHT_KAIROS-1536x841.jpg",1536,841,true],"2048x2048":["https:\/\/arkheo-patrimoine.com\/wp-content\/uploads\/2024\/05\/Chateau_Auray_MHT_KAIROS-2048x1121.jpg",2048,1121,true],"et-pb-post-main-image":["https:\/\/arkheo-patrimoine.com\/wp-content\/uploads\/2024\/05\/Chateau_Auray_MHT_KAIROS.jpg",400,219,false],"et-pb-post-main-image-fullwidth":["https:\/\/arkheo-patrimoine.com\/wp-content\/uploads\/2024\/05\/Chateau_Auray_MHT_KAIROS.jpg",1080,591,false],"et-pb-portfolio-image":["https:\/\/arkheo-patrimoine.com\/wp-content\/uploads\/2024\/05\/Chateau_Auray_MHT_KAIROS.jpg",400,219,false],"et-pb-portfolio-module-image":["https:\/\/arkheo-patrimoine.com\/wp-content\/uploads\/2024\/05\/Chateau_Auray_MHT_KAIROS.jpg",510,279,false],"et-pb-portfolio-image-single":["https:\/\/arkheo-patrimoine.com\/wp-content\/uploads\/2024\/05\/Chateau_Auray_MHT_KAIROS.jpg",1080,591,false],"et-pb-gallery-module-image-portrait":["https:\/\/arkheo-patrimoine.com\/wp-content\/uploads\/2024\/05\/Chateau_Auray_MHT_KAIROS.jpg",400,219,false],"et-pb-post-main-image-fullwidth-large":["https:\/\/arkheo-patrimoine.com\/wp-content\/uploads\/2024\/05\/Chateau_Auray_MHT_KAIROS.jpg",2187,1197,false],"et-pb-image--responsive--desktop":["https:\/\/arkheo-patrimoine.com\/wp-content\/uploads\/2024\/05\/Chateau_Auray_MHT_KAIROS.jpg",1280,701,false],"et-pb-image--responsive--tablet":["https:\/\/arkheo-patrimoine.com\/wp-content\/uploads\/2024\/05\/Chateau_Auray_MHT_KAIROS.jpg",980,536,false],"et-pb-image--responsive--phone":["https:\/\/arkheo-patrimoine.com\/wp-content\/uploads\/2024\/05\/Chateau_Auray_MHT_KAIROS.jpg",480,263,false],"portfolio_item-thumbnail":["https:\/\/arkheo-patrimoine.com\/wp-content\/uploads\/2024\/05\/Chateau_Auray_MHT_KAIROS-600x400.jpg",600,400,true],"portfolio_item-thumbnail@2x":["https:\/\/arkheo-patrimoine.com\/wp-content\/uploads\/2024\/05\/Chateau_Auray_MHT_KAIROS-1200x800.jpg",1200,800,true],"portfolio_item-masonry":["https:\/\/arkheo-patrimoine.com\/wp-content\/uploads\/2024\/05\/Chateau_Auray_MHT_KAIROS-600x328.jpg",600,328,true],"portfolio_item-masonry@2x":["https:\/\/arkheo-patrimoine.com\/wp-content\/uploads\/2024\/05\/Chateau_Auray_MHT_KAIROS-1200x657.jpg",1200,657,true],"portfolio_item-thumbnail_cinema":["https:\/\/arkheo-patrimoine.com\/wp-content\/uploads\/2024\/05\/Chateau_Auray_MHT_KAIROS-800x335.jpg",800,335,true],"portfolio_item-thumbnail_portrait":["https:\/\/arkheo-patrimoine.com\/wp-content\/uploads\/2024\/05\/Chateau_Auray_MHT_KAIROS-600x900.jpg",600,900,true],"portfolio_item-thumbnail_portrait@2x":["https:\/\/arkheo-patrimoine.com\/wp-content\/uploads\/2024\/05\/Chateau_Auray_MHT_KAIROS-1200x1197.jpg",1200,1197,true],"portfolio_item-thumbnail_square":["https:\/\/arkheo-patrimoine.com\/wp-content\/uploads\/2024\/05\/Chateau_Auray_MHT_KAIROS-800x800.jpg",800,800,true]},"_links":{"self":[{"href":"https:\/\/arkheo-patrimoine.com\/index.php\/wp-json\/wp\/v2\/pages\/5206","targetHints":{"allow":["GET"]}}],"collection":[{"href":"https:\/\/arkheo-patrimoine.com\/index.php\/wp-json\/wp\/v2\/pages"}],"about":[{"href":"https:\/\/arkheo-patrimoine.com\/index.php\/wp-json\/wp\/v2\/types\/page"}],"author":[{"embeddable":true,"href":"https:\/\/arkheo-patrimoine.com\/index.php\/wp-json\/wp\/v2\/users\/1"}],"replies":[{"embeddable":true,"href":"https:\/\/arkheo-patrimoine.com\/index.php\/wp-json\/wp\/v2\/comments?post=5206"}],"version-history":[{"count":19,"href":"https:\/\/arkheo-patrimoine.com\/index.php\/wp-json\/wp\/v2\/pages\/5206\/revisions"}],"predecessor-version":[{"id":7369,"href":"https:\/\/arkheo-patrimoine.com\/index.php\/wp-json\/wp\/v2\/pages\/5206\/revisions\/7369"}],"up":[{"embeddable":true,"href":"https:\/\/arkheo-patrimoine.com\/index.php\/wp-json\/wp\/v2\/pages\/6959"}],"wp:featuredmedia":[{"embeddable":true,"href":"https:\/\/arkheo-patrimoine.com\/index.php\/wp-json\/wp\/v2\/media\/24"}],"wp:attachment":[{"href":"https:\/\/arkheo-patrimoine.com\/index.php\/wp-json\/wp\/v2\/media?parent=5206"}],"curies":[{"name":"wp","href":"https:\/\/api.w.org\/{rel}","templated":true}]}}