{"id":6959,"date":"2025-01-09T12:55:24","date_gmt":"2025-01-09T11:55:24","guid":{"rendered":"https:\/\/arkheo-patrimoine.com\/?page_id=6959"},"modified":"2025-01-12T22:34:28","modified_gmt":"2025-01-12T21:34:28","slug":"home","status":"publish","type":"page","link":"https:\/\/arkheo-patrimoine.com\/","title":{"rendered":"Home page"},"content":{"rendered":"<p>[et_pb_section fb_built=&#8221;1&#8243; admin_label=&#8221;Header&#8221; _builder_version=&#8221;4.27.4&#8243; _module_preset=&#8221;default&#8221; background_color=&#8221;RGBA(255,255,255,0)&#8221; use_background_color_gradient=&#8221;on&#8221; background_color_gradient_stops=&#8221;rgba(0,0,0,0.5) 0%|rgba(0,0,0,0.5) 100%&#8221; background_color_gradient_overlays_image=&#8221;on&#8221; background_enable_image=&#8221;off&#8221; background_size=&#8221;contain&#8221; background_blend=&#8221;screen&#8221; background_video_mp4=&#8221;http:\/\/arkheo-patrimoine.com\/wp-content\/uploads\/2024\/12\/Trailer-Er-Lannic-v1.mp4&#8243; background_enable_video_webm=&#8221;off&#8221; background_video_width=&#8221;19&#8243; background_video_pause_outside_viewport=&#8221;off&#8221; custom_padding=&#8221;24vw||24vw||false|false&#8221; collapsed=&#8221;on&#8221; global_colors_info=&#8221;{}&#8221;][\/et_pb_section][et_pb_section fb_built=&#8221;1&#8243; fullwidth=&#8221;on&#8221; _builder_version=&#8221;4.27.4&#8243; _module_preset=&#8221;default&#8221; global_colors_info=&#8221;{}&#8221;][\/et_pb_section][et_pb_section fb_built=&#8221;1&#8243; admin_label=&#8221;Services&#8221; _builder_version=&#8221;4.20.0&#8243; _module_preset=&#8221;default&#8221; collapsed=&#8221;on&#8221; global_colors_info=&#8221;{}&#8221;][et_pb_row column_structure=&#8221;1_3,1_3,1_3&#8243; custom_padding_last_edited=&#8221;on|tablet&#8221; _builder_version=&#8221;4.27.4&#8243; _module_preset=&#8221;default&#8221; custom_padding_tablet=&#8221;||0px||false|false&#8221; custom_padding_phone=&#8221;||0px||false|false&#8221; saved_tabs=&#8221;all&#8221; global_colors_info=&#8221;{}&#8221;][et_pb_column type=&#8221;1_3&#8243; _builder_version=&#8221;4.20.0&#8243; _module_preset=&#8221;default&#8221; background_color=&#8221;RGBA(255,255,255,0)&#8221; link_option_url=&#8221;#&#8221; box_shadow_style=&#8221;preset4&#8243; box_shadow_horizontal=&#8221;0px&#8221; box_shadow_vertical=&#8221;0px&#8221; box_shadow_color=&#8221;#F9F9F9&#8243; global_colors_info=&#8221;{}&#8221; background__hover_enabled=&#8221;on|desktop&#8221; box_shadow_spread__hover_enabled=&#8221;on|hover&#8221; box_shadow_spread__hover=&#8221;20px&#8221; background_color__hover=&#8221;#F9F9F9&#8243; background_enable_color__hover=&#8221;on&#8221;][et_pb_image src=&#8221;http:\/\/arkheo-patrimoine.com\/wp-content\/uploads\/2025\/01\/photographer-icon-06.png&#8221; title_text=&#8221;photographer-icon-06&#8243; align=&#8221;center&#8221; _builder_version=&#8221;4.27.4&#8243; _module_preset=&#8221;default&#8221; global_colors_info=&#8221;{}&#8221;][\/et_pb_image][et_pb_text _builder_version=&#8221;4.27.4&#8243; _module_preset=&#8221;175be0a3-6ca5-4f9f-ab04-ad2c6aadb61e&#8221; text_orientation=&#8221;justified&#8221; inline_fonts=&#8221;Playfair Display&#8221; global_colors_info=&#8221;{}&#8221;]<\/p>\n<h3 style=\"text-align: left;\"><span style=\"font-size: x-large; font-family: Playfair Display; font-weight: normal; color: #020202;\">Num\u00e9riser en 3D le patrimoine ancien<\/span><\/h3>\n<p><span style=\"font-size: x-large; font-family: Playfair Display; font-weight: normal;\"><\/span><\/p>\n<p>La num\u00e9risation a pour objectif de rendre visible le non visible via la cr\u00e9ation d&#8217;un double num\u00e9rique exploitable pour la recherche comme pour la m\u00e9diation in situ ou non.<\/p>\n<p>[\/et_pb_text][\/et_pb_column][et_pb_column type=&#8221;1_3&#8243; _builder_version=&#8221;4.20.0&#8243; _module_preset=&#8221;default&#8221; background_color=&#8221;RGBA(255,255,255,0)&#8221; link_option_url=&#8221;#&#8221; box_shadow_style=&#8221;preset4&#8243; box_shadow_horizontal=&#8221;0px&#8221; box_shadow_vertical=&#8221;0px&#8221; box_shadow_color=&#8221;#F9F9F9&#8243; global_colors_info=&#8221;{}&#8221; background__hover_enabled=&#8221;on|hover&#8221; box_shadow_spread__hover=&#8221;20px&#8221; box_shadow_spread__hover_enabled=&#8221;on|hover&#8221; background_color__hover=&#8221;#F9F9F9&#8243; background_enable_color__hover=&#8221;on&#8221;][et_pb_image src=&#8221;http:\/\/arkheo-patrimoine.com\/wp-content\/uploads\/2025\/01\/photographer-icon-05.png&#8221; title_text=&#8221;photographer-icon-05&#8243; align=&#8221;center&#8221; _builder_version=&#8221;4.27.4&#8243; _module_preset=&#8221;default&#8221; global_colors_info=&#8221;{}&#8221;][\/et_pb_image][et_pb_text _builder_version=&#8221;4.27.4&#8243; _module_preset=&#8221;284762d2-2571-43c2-9781-fadf61cb8986&#8243; custom_margin=&#8221;||10px||false|false&#8221; global_colors_info=&#8221;{}&#8221;]<\/p>\n<h4 style=\"text-align: left;\"><span style=\"font-size: large;\"><span style=\"font-size: x-large;\">R\u00e9aliser la m\u00e9diation des d\u00e9couvertes scientifiques<\/span><br \/><\/span><\/h4>\n<p>[\/et_pb_text][et_pb_text _builder_version=&#8221;4.27.4&#8243; _module_preset=&#8221;175be0a3-6ca5-4f9f-ab04-ad2c6aadb61e&#8221; text_orientation=&#8221;justified&#8221; global_colors_info=&#8221;{}&#8221;]<\/p>\n<p>Cette valorisation se r\u00e9alise via la cr\u00e9ation d\u2019outils graphiques interactifs accessibles en ligne (ou en local). Parmi ces outils : le panorama 360 avec avant \/ apr\u00e8s (vision a\u00e9rienne par exemple), la maquette orbitale (360), le parcours 360 au sol.<\/p>\n<p>[\/et_pb_text][\/et_pb_column][et_pb_column type=&#8221;1_3&#8243; _builder_version=&#8221;4.20.0&#8243; _module_preset=&#8221;default&#8221; background_color=&#8221;RGBA(255,255,255,0)&#8221; link_option_url=&#8221;#&#8221; box_shadow_style=&#8221;preset4&#8243; box_shadow_horizontal=&#8221;0px&#8221; box_shadow_vertical=&#8221;0px&#8221; box_shadow_color=&#8221;#F9F9F9&#8243; global_colors_info=&#8221;{}&#8221; background_color__hover=&#8221;#F9F9F9&#8243; background__hover_enabled=&#8221;on|hover&#8221; box_shadow_spread__hover=&#8221;20px&#8221; box_shadow_spread__hover_enabled=&#8221;on|hover&#8221; background_enable_color__hover=&#8221;on&#8221;][et_pb_image src=&#8221;http:\/\/arkheo-patrimoine.com\/wp-content\/uploads\/2025\/01\/photographer-icon-04.png&#8221; title_text=&#8221;photographer-icon-04&#8243; align=&#8221;center&#8221; _builder_version=&#8221;4.27.4&#8243; _module_preset=&#8221;default&#8221; global_colors_info=&#8221;{}&#8221;][\/et_pb_image][et_pb_text _builder_version=&#8221;4.27.4&#8243; _module_preset=&#8221;284762d2-2571-43c2-9781-fadf61cb8986&#8243; custom_margin=&#8221;||10px||false|false&#8221; inline_fonts=&#8221;Playfair Display&#8221; global_colors_info=&#8221;{}&#8221;]<\/p>\n<h3><span style=\"font-family: Playfair Display; font-weight: normal; font-size: x-large; color: #020202;\">Reconstituer en 3D<\/span><\/h3>\n<p>[\/et_pb_text][et_pb_text _builder_version=&#8221;4.27.4&#8243; _module_preset=&#8221;175be0a3-6ca5-4f9f-ab04-ad2c6aadb61e&#8221; text_orientation=&#8221;justified&#8221; global_colors_info=&#8221;{}&#8221;]<\/p>\n<p>La reconstitution implique un travail en continue impliquant les scientifiques r\u00e9f\u00e9rents (arch\u00e9ologues, historiens, g\u00e9ologues). L\u2019imagerie 3D peut \u00eatre hybride, mixant diff\u00e9rents niveaux de connaissance.<\/p>\n<p>[\/et_pb_text][\/et_pb_column][\/et_pb_row][\/et_pb_section][et_pb_section fb_built=&#8221;1&#8243; admin_label=&#8221;About&#8221; _builder_version=&#8221;4.20.0&#8243; _module_preset=&#8221;default&#8221; background_color=&#8221;#000000&#8243; custom_padding=&#8221;0px|||||&#8221; collapsed=&#8221;on&#8221; global_colors_info=&#8221;{}&#8221;][et_pb_row column_structure=&#8221;3_5,2_5&#8243; _builder_version=&#8221;4.20.0&#8243; _module_preset=&#8221;default&#8221; custom_padding=&#8221;||0px||false|false&#8221; global_colors_info=&#8221;{}&#8221;][et_pb_column type=&#8221;3_5&#8243; _builder_version=&#8221;4.20.0&#8243; _module_preset=&#8221;default&#8221; global_colors_info=&#8221;{}&#8221;][et_pb_text _builder_version=&#8221;4.20.0&#8243; _module_preset=&#8221;970cf0da-003b-4321-b4f0-663ba93af540&#8243; header_2_text_color=&#8221;#FFFFFF&#8221; global_colors_info=&#8221;{}&#8221;]<\/p>\n<h2><span style=\"font-size: xx-large;\">A la recherche des st\u00e8les <\/span><span style=\"font-size: xx-large;\">submerg\u00e9es du Ve mill\u00e9aire en<\/span><\/h2>\n<h2><span style=\"font-size: xx-large;\">morbihan<\/span><\/h2>\n<p>[\/et_pb_text][et_pb_image src=&#8221;http:\/\/arkheo-patrimoine.com\/wp-content\/uploads\/2025\/01\/er_lannic_2-6-scaled.jpg&#8221; title_text=&#8221;er_lannic_2 (6)&#8221; _builder_version=&#8221;4.27.4&#8243; _module_preset=&#8221;default&#8221; global_colors_info=&#8221;{}&#8221;][\/et_pb_image][\/et_pb_column][et_pb_column type=&#8221;2_5&#8243; _builder_version=&#8221;4.20.0&#8243; _module_preset=&#8221;default&#8221; global_colors_info=&#8221;{}&#8221;][et_pb_text _builder_version=&#8221;4.27.4&#8243; _module_preset=&#8221;175be0a3-6ca5-4f9f-ab04-ad2c6aadb61e&#8221; text_text_color=&#8221;#FFFFFF&#8221; text_orientation=&#8221;justified&#8221; global_colors_info=&#8221;{}&#8221;]<\/p>\n<p>Une exploration sous-marine in\u00e9dite en cours de r\u00e9alisation, et relative \u00e0 pr\u00e8s de 40 sites d\u2019architecture de st\u00e8les (commun\u00e9ment appel\u00e9s menhirs) r\u00e9partis sur 18 communes du D\u00e9partement du Morbihan.<\/p>\n<p>Au coeur de cette mission la collaboration exceptionnelle d\u2019une \u00e9quipe associant des arch\u00e9ologues sous la direction de Christian Obeltz, des g\u00e9ologues de l\u2019Universit\u00e9 de Bretagne Sud dont le professeur David Menier et l&#8217;\u00e9diteur de Carnac, Les Vaisseaux de Pierres (Cyrille Chaigneau).<\/p>\n<p>[\/et_pb_text][et_pb_image src=&#8221;http:\/\/arkheo-patrimoine.com\/wp-content\/uploads\/2025\/01\/er_lannic_2-5-scaled.jpg&#8221; title_text=&#8221;er_lannic_2 (5)&#8221; _builder_version=&#8221;4.27.4&#8243; _module_preset=&#8221;default&#8221; global_colors_info=&#8221;{}&#8221;][\/et_pb_image][\/et_pb_column][\/et_pb_row][\/et_pb_section][et_pb_section fb_built=&#8221;1&#8243; admin_label=&#8221;Projects&#8221; _builder_version=&#8221;4.20.0&#8243; _module_preset=&#8221;default&#8221; collapsed=&#8221;on&#8221; global_colors_info=&#8221;{}&#8221;][et_pb_row _builder_version=&#8221;4.20.0&#8243; _module_preset=&#8221;default&#8221; global_colors_info=&#8221;{}&#8221;][et_pb_column type=&#8221;4_4&#8243; _builder_version=&#8221;4.20.0&#8243; _module_preset=&#8221;default&#8221; global_colors_info=&#8221;{}&#8221;][et_pb_text _builder_version=&#8221;4.27.4&#8243; _module_preset=&#8221;970cf0da-003b-4321-b4f0-663ba93af540&#8243; text_orientation=&#8221;center&#8221; global_colors_info=&#8221;{}&#8221;]<\/p>\n<h2>realisations<\/h2>\n<p>[\/et_pb_text][\/et_pb_column][\/et_pb_row][et_pb_row column_structure=&#8221;1_2,1_2&#8243; _builder_version=&#8221;4.20.0&#8243; _module_preset=&#8221;default&#8221; global_colors_info=&#8221;{}&#8221;][et_pb_column type=&#8221;1_2&#8243; _builder_version=&#8221;4.20.0&#8243; _module_preset=&#8221;default&#8221; custom_padding_tablet=&#8221;||30px||false|false&#8221; custom_padding_phone=&#8221;||30px||false|false&#8221; custom_padding_last_edited=&#8221;on|tablet&#8221; global_colors_info=&#8221;{}&#8221;][et_pb_image src=&#8221;http:\/\/arkheo-patrimoine.com\/wp-content\/uploads\/2025\/01\/Chateau-6.jpg&#8221; alt=&#8221;Restitution de la forteresse, mod\u00e8le num\u00e9rique de terrain&#8221; title_text=&#8221;Chateau (6)&#8221; show_in_lightbox=&#8221;on&#8221; use_overlay=&#8221;on&#8221; overlay_icon_color=&#8221;#000000&#8243; hover_overlay_color=&#8221;RGBA(255,255,255,0)&#8221; hover_icon=&#8221;&#xf00e;||fa||900&#8243; _builder_version=&#8221;4.27.4&#8243; _module_preset=&#8221;default&#8221; background_color=&#8221;rgba(0,0,0,0.04)&#8221; custom_margin=&#8221;||||false|false&#8221; box_shadow_style=&#8221;preset4&#8243; box_shadow_horizontal=&#8221;0px&#8221; box_shadow_vertical=&#8221;0px&#8221; box_shadow_color=&#8221;rgba(0,0,0,0.05)&#8221; global_colors_info=&#8221;{}&#8221; custom_padding__hover_enabled=&#8221;off|hover&#8221; custom_padding__hover=&#8221;50px|50px|50px|50px|true|true&#8221; box_shadow_vertical__hover_enabled=&#8221;off|hover&#8221; box_shadow_blur__hover_enabled=&#8221;off|hover&#8221; box_shadow_blur__hover=&#8221;0px&#8221; box_shadow_color__hover_enabled=&#8221;off|hover&#8221; box_shadow_color__hover=&#8221;rgba(0,0,0,0.3)&#8221; custom_margin__hover_enabled=&#8221;off|hover&#8221; custom_margin__hover=&#8221;||62px||false|false&#8221; transform_styles__hover_enabled=&#8221;on|hover&#8221; transform_scale__hover_enabled=&#8221;on|hover&#8221; transform_translate__hover_enabled=&#8221;on|desktop&#8221; transform_rotate__hover_enabled=&#8221;on|desktop&#8221; transform_skew__hover_enabled=&#8221;on|desktop&#8221; transform_origin__hover_enabled=&#8221;on|desktop&#8221; transform_scale__hover=&#8221;90%|90%&#8221; box_shadow_spread__hover_enabled=&#8221;on|hover&#8221; box_shadow_spread__hover=&#8221;30px&#8221;][\/et_pb_image][et_pb_text _builder_version=&#8221;4.20.0&#8243; _module_preset=&#8221;d3ee2e61-588a-4a77-94ff-e746be71987b&#8221; custom_margin=&#8221;||10px||false|false&#8221; global_colors_info=&#8221;{}&#8221;]<\/p>\n<h4><span style=\"font-size: medium;\">La reconstruction 3D du ch\u00e2teau ducal d&#8217;Auray <\/span><span style=\"font-size: medium;\">(Morbihan, Bretagne)<\/span><\/h4>\n<h4><span style=\"font-size: medium;\">au XVe si\u00e8cle<\/span><\/h4>\n<p>[\/et_pb_text][et_pb_text _builder_version=&#8221;4.20.0&#8243; _module_preset=&#8221;175be0a3-6ca5-4f9f-ab04-ad2c6aadb61e&#8221; global_colors_info=&#8221;{}&#8221;]<\/p>\n<p>La reconstruction num\u00e9rique de la fa\u00e7ade occidentale de la forteresse du duc de Bretagne \u00e0 Auray, en fond de ria, dans son \u00e9tat au 15e si\u00e8cle (suite \u00e0 Guerre de succession du 14e si\u00e8cle). L&#8217;historien Pierre Robino et l&#8217;architecte patrimoine L\u00e9o Goas sont les maitres d&#8217;oeuvre du mod\u00e8le num\u00e9rique de terrain.<\/p>\n<p>[\/et_pb_text][\/et_pb_column][et_pb_column type=&#8221;1_2&#8243; _builder_version=&#8221;4.20.0&#8243; _module_preset=&#8221;default&#8221; global_colors_info=&#8221;{}&#8221;][et_pb_image src=&#8221;http:\/\/arkheo-patrimoine.com\/wp-content\/uploads\/2025\/01\/Aqueduc-8.jpg&#8221; alt=&#8221;Le pont aqueduc de la Rivi\u00e8re d&#8217;Auray restitu\u00e9 en 3D Arkheo \u00a9&#8221; title_text=&#8221;Aqueduc (8)&#8221; show_in_lightbox=&#8221;on&#8221; use_overlay=&#8221;on&#8221; overlay_icon_color=&#8221;#000000&#8243; hover_overlay_color=&#8221;RGBA(255,255,255,0)&#8221; hover_icon=&#8221;&#xf00e;||fa||900&#8243; _builder_version=&#8221;4.27.4&#8243; _module_preset=&#8221;default&#8221; background_color=&#8221;rgba(0,0,0,0.04)&#8221; box_shadow_style=&#8221;preset4&#8243; box_shadow_horizontal=&#8221;0px&#8221; box_shadow_vertical=&#8221;0px&#8221; box_shadow_color=&#8221;rgba(0,0,0,0.05)&#8221; global_colors_info=&#8221;{}&#8221; transform_styles__hover_enabled=&#8221;on|hover&#8221; transform_scale__hover=&#8221;90%|90%&#8221; transform_scale__hover_enabled=&#8221;on|hover&#8221; transform_translate__hover_enabled=&#8221;on|desktop&#8221; transform_rotate__hover_enabled=&#8221;on|desktop&#8221; transform_skew__hover_enabled=&#8221;on|desktop&#8221; transform_origin__hover_enabled=&#8221;on|desktop&#8221; box_shadow_spread__hover=&#8221;30px&#8221; box_shadow_spread__hover_enabled=&#8221;on|desktop&#8221;][\/et_pb_image][et_pb_text _builder_version=&#8221;4.20.0&#8243; _module_preset=&#8221;d3ee2e61-588a-4a77-94ff-e746be71987b&#8221; custom_margin=&#8221;||10px||false|false&#8221; global_colors_info=&#8221;{}&#8221;]<\/p>\n<h4 style=\"text-align: justify;\"><span style=\"font-size: large;\">Le pont aqueduc de la rivi\u00e8re d&#8217;Auray (Morbihan, Bretagne) du IIe si\u00e8cle de notre \u00e8re<\/span><\/h4>\n<p>[\/et_pb_text][et_pb_text _builder_version=&#8221;4.20.0&#8243; _module_preset=&#8221;175be0a3-6ca5-4f9f-ab04-ad2c6aadb61e&#8221; global_colors_info=&#8221;{}&#8221;]<\/p>\n<p>La restitution de l&#8217;une des plus imposantes constructions romaines entreprises sur le territoire v\u00e9n\u00e8te : le pont aqueduc romain de la \u00ab rivi\u00e8re \u00bb d&#8217;Auray. Il reste aujourd&#8217;hui une \u00e9nigme, car il n&#8217;est connu que par le pont qui lui faisait franchir le Loch, ou \u00ab rivi\u00e8re \u00bb d&#8217;Auray. <\/p>\n<p>[\/et_pb_text][\/et_pb_column][\/et_pb_row][et_pb_row column_structure=&#8221;1_2,1_2&#8243; _builder_version=&#8221;4.27.4&#8243; _module_preset=&#8221;default&#8221; global_colors_info=&#8221;{}&#8221;][et_pb_column type=&#8221;1_2&#8243; _builder_version=&#8221;4.20.0&#8243; _module_preset=&#8221;default&#8221; custom_padding_tablet=&#8221;||30px||false|false&#8221; custom_padding_phone=&#8221;||30px||false|false&#8221; custom_padding_last_edited=&#8221;on|tablet&#8221; global_colors_info=&#8221;{}&#8221;][et_pb_image src=&#8221;http:\/\/arkheo-patrimoine.com\/wp-content\/uploads\/2025\/01\/Saint_Goustan-14.jpg&#8221; title_text=&#8221;Saint_Goustan (14)&#8221; show_in_lightbox=&#8221;on&#8221; use_overlay=&#8221;on&#8221; overlay_icon_color=&#8221;#000000&#8243; hover_overlay_color=&#8221;RGBA(255,255,255,0)&#8221; hover_icon=&#8221;&#xf00e;||fa||900&#8243; _builder_version=&#8221;4.27.4&#8243; _module_preset=&#8221;default&#8221; background_color=&#8221;rgba(0,0,0,0.04)&#8221; box_shadow_style=&#8221;preset4&#8243; box_shadow_horizontal=&#8221;0px&#8221; box_shadow_vertical=&#8221;0px&#8221; box_shadow_color=&#8221;rgba(0,0,0,0.05)&#8221; global_colors_info=&#8221;{}&#8221; transform_styles__hover_enabled=&#8221;on|hover&#8221; transform_scale__hover=&#8221;90%|90%&#8221; transform_scale__hover_enabled=&#8221;on|hover&#8221; transform_translate__hover_enabled=&#8221;on|desktop&#8221; transform_rotate__hover_enabled=&#8221;on|desktop&#8221; transform_skew__hover_enabled=&#8221;on|desktop&#8221; transform_origin__hover_enabled=&#8221;on|desktop&#8221; box_shadow_spread__hover=&#8221;30px&#8221; box_shadow_spread__hover_enabled=&#8221;on|hover&#8221;][\/et_pb_image][et_pb_text _builder_version=&#8221;4.20.0&#8243; _module_preset=&#8221;d3ee2e61-588a-4a77-94ff-e746be71987b&#8221; custom_margin=&#8221;||10px||false|false&#8221; global_colors_info=&#8221;{}&#8221;]<\/p>\n<h4><span style=\"font-size: x-large;\">La rue saint ren\u00e9 (Auray, morbihan) au XV<span style=\"font-size: large;\">e<\/span> si\u00e8cle<\/span><\/h4>\n<p>[\/et_pb_text][et_pb_text _builder_version=&#8221;4.20.0&#8243; _module_preset=&#8221;175be0a3-6ca5-4f9f-ab04-ad2c6aadb61e&#8221; global_colors_info=&#8221;{}&#8221;]<\/p>\n<p style=\"text-align: justify;\">La restitution d&#8217;une ambiance portuaire dans la Bretagne Sud du XVe si\u00e8cle : la rue Saint-Ren\u00e9 de la ville d&#8217;Auray situ\u00e9e en fond d&#8217;estuaire (rivi\u00e8re d&#8217;Auray). Cette sc\u00e8ne \u00e0 360\u00b0 mixe ici reconstruction et \u00e9vocation avec la collaboration in\u00e9dite de la Maisnie de Kistreberh. Le travail de restitution 3D a \u00e9t\u00e9 r\u00e9alis\u00e9 avec la collaboration de scientifiques, les arch\u00e9ologues Patrick Andr\u00e9, Christophe Le Pennec et l&#8217;historien Pierre Robino, et le travail rigoureux de trois infographistes : Pierre Lambert, Benjamin Dufeu, Thibault Jouan &amp; Benoit Auclair (d\u00e9veloppement).<\/p>\n<p>[\/et_pb_text][\/et_pb_column][et_pb_column type=&#8221;1_2&#8243; _builder_version=&#8221;4.20.0&#8243; _module_preset=&#8221;default&#8221; global_colors_info=&#8221;{}&#8221;][et_pb_image src=&#8221;http:\/\/arkheo-patrimoine.com\/wp-content\/uploads\/2025\/01\/Sainte_Anne-5.jpg&#8221; title_text=&#8221;Sainte_Anne (5)&#8221; show_in_lightbox=&#8221;on&#8221; use_overlay=&#8221;on&#8221; overlay_icon_color=&#8221;#000000&#8243; hover_overlay_color=&#8221;RGBA(255,255,255,0)&#8221; hover_icon=&#8221;&#xf00e;||fa||900&#8243; _builder_version=&#8221;4.27.4&#8243; _module_preset=&#8221;default&#8221; background_color=&#8221;rgba(0,0,0,0.04)&#8221; box_shadow_style=&#8221;preset4&#8243; box_shadow_horizontal=&#8221;0px&#8221; box_shadow_vertical=&#8221;0px&#8221; box_shadow_color=&#8221;rgba(0,0,0,0.05)&#8221; global_colors_info=&#8221;{}&#8221; transform_styles__hover_enabled=&#8221;on|hover&#8221; transform_scale__hover=&#8221;90%|90%&#8221; transform_scale__hover_enabled=&#8221;on|hover&#8221; transform_translate__hover_enabled=&#8221;on|desktop&#8221; transform_rotate__hover_enabled=&#8221;on|desktop&#8221; transform_skew__hover_enabled=&#8221;on|desktop&#8221; transform_origin__hover_enabled=&#8221;on|desktop&#8221; box_shadow_spread__hover=&#8221;30px&#8221; box_shadow_spread__hover_enabled=&#8221;on|hover&#8221;][\/et_pb_image][et_pb_text _builder_version=&#8221;4.27.4&#8243; _module_preset=&#8221;d3ee2e61-588a-4a77-94ff-e746be71987b&#8221; custom_margin=&#8221;||10px||false|false&#8221; global_colors_info=&#8221;{}&#8221;]<\/p>\n<h4>keranna en Pluneret, 1860<\/h4>\n<p>[\/et_pb_text][et_pb_text _builder_version=&#8221;4.27.4&#8243; _module_preset=&#8221;175be0a3-6ca5-4f9f-ab04-ad2c6aadb61e&#8221; global_colors_info=&#8221;{}&#8221;]<\/p>\n<p>La reconstruction num\u00e9rique et in\u00e9dite de l&#8217;ancien sanctuaire de Sainte-Anne d&#8217;Auray (XVIe-XIXe si\u00e8cle) offre l&#8217;image d&#8217;une architecture aujourd&#8217;hui tr\u00e8s partiellement visible. Une restitution impliquant la collaboration avec l&#8217;ADMAS, la ville de Sainte-Anne d&#8217;Auray et pour les costumes d&#8217;\u00e9poque , deux associations remarquables : Crinolines &#038; Cie et Kevrenn Alre.<\/p>\n<p>[\/et_pb_text][\/et_pb_column][\/et_pb_row][\/et_pb_section][et_pb_section fb_built=&#8221;1&#8243; admin_label=&#8221;Call to Action&#8221; _builder_version=&#8221;4.27.4&#8243; _module_preset=&#8221;default&#8221; background_color=&#8221;RGBA(255,255,255,0)&#8221; background_image=&#8221;http:\/\/arkheo-patrimoine.com\/wp-content\/uploads\/2025\/01\/Capture-decran-2024-09-25-080359_nb.png&#8221; custom_padding=&#8221;16vw||16vw||true|false&#8221; background_last_edited=&#8221;off|desktop&#8221; background_position_tablet=&#8221;center&#8221; background_position_phone=&#8221;center&#8221; collapsed=&#8221;on&#8221; global_colors_info=&#8221;{}&#8221;][et_pb_row custom_padding_last_edited=&#8221;on|tablet&#8221; _builder_version=&#8221;4.20.0&#8243; _module_preset=&#8221;default&#8221; custom_padding=&#8221;|120px||120px|false|true&#8221; custom_padding_tablet=&#8221;|8%||8%|false|true&#8221; custom_padding_phone=&#8221;||||false|false&#8221; global_colors_info=&#8221;{}&#8221;][et_pb_column type=&#8221;4_4&#8243; _builder_version=&#8221;4.20.0&#8243; _module_preset=&#8221;default&#8221; global_colors_info=&#8221;{}&#8221;][et_pb_button button_text=&#8221;Contacter Arkheo&#8221; button_alignment=&#8221;center&#8221; _builder_version=&#8221;4.27.4&#8243; _module_preset=&#8221;19c1653a-235e-4852-b9b0-7a6132e40163&#8243; hover_enabled=&#8221;0&#8243; global_colors_info=&#8221;{}&#8221; button_url=&#8221;https:\/\/arkheo-patrimoine.com\/index.php\/contact\/&#8221; sticky_enabled=&#8221;0&#8243;][\/et_pb_button][\/et_pb_column][\/et_pb_row][\/et_pb_section]<\/p>\n","protected":false},"excerpt":{"rendered":"<p>Num\u00e9riser en 3D le patrimoine ancien La num\u00e9risation a pour objectif de rendre visible le non visible via la cr\u00e9ation d&#8217;un double num\u00e9rique exploitable pour la recherche comme pour la m\u00e9diation in situ ou non.R\u00e9aliser la m\u00e9diation des d\u00e9couvertes scientifiquesCette valorisation se r\u00e9alise via la cr\u00e9ation d\u2019outils graphiques interactifs accessibles en ligne (ou en local). [&hellip;]<\/p>\n","protected":false},"author":1,"featured_media":0,"parent":0,"menu_order":0,"comment_status":"closed","ping_status":"closed","template":"","meta":{"_bbp_topic_count":0,"_bbp_reply_count":0,"_bbp_total_topic_count":0,"_bbp_total_reply_count":0,"_bbp_voice_count":0,"_bbp_anonymous_reply_count":0,"_bbp_topic_count_hidden":0,"_bbp_reply_count_hidden":0,"_bbp_forum_subforum_count":0,"_et_pb_use_builder":"on","_et_pb_old_content":"","_et_gb_content_width":"","_monsterinsights_skip_tracking":false,"_monsterinsights_sitenote_active":false,"_monsterinsights_sitenote_note":"","_monsterinsights_sitenote_category":0,"footnotes":""},"class_list":["post-6959","page","type-page","status-publish","hentry"],"aioseo_notices":[],"jetpack_sharing_enabled":true,"featured_media_urls":[],"_links":{"self":[{"href":"https:\/\/arkheo-patrimoine.com\/index.php\/wp-json\/wp\/v2\/pages\/6959","targetHints":{"allow":["GET"]}}],"collection":[{"href":"https:\/\/arkheo-patrimoine.com\/index.php\/wp-json\/wp\/v2\/pages"}],"about":[{"href":"https:\/\/arkheo-patrimoine.com\/index.php\/wp-json\/wp\/v2\/types\/page"}],"author":[{"embeddable":true,"href":"https:\/\/arkheo-patrimoine.com\/index.php\/wp-json\/wp\/v2\/users\/1"}],"replies":[{"embeddable":true,"href":"https:\/\/arkheo-patrimoine.com\/index.php\/wp-json\/wp\/v2\/comments?post=6959"}],"version-history":[{"count":26,"href":"https:\/\/arkheo-patrimoine.com\/index.php\/wp-json\/wp\/v2\/pages\/6959\/revisions"}],"predecessor-version":[{"id":7362,"href":"https:\/\/arkheo-patrimoine.com\/index.php\/wp-json\/wp\/v2\/pages\/6959\/revisions\/7362"}],"wp:attachment":[{"href":"https:\/\/arkheo-patrimoine.com\/index.php\/wp-json\/wp\/v2\/media?parent=6959"}],"curies":[{"name":"wp","href":"https:\/\/api.w.org\/{rel}","templated":true}]}}